{"id":621,"date":"2023-04-29T16:58:52","date_gmt":"2023-04-29T14:58:52","guid":{"rendered":"https:\/\/grisbi-marseille.com\/?page_id=621"},"modified":"2023-05-03T14:11:55","modified_gmt":"2023-05-03T12:11:55","slug":"historique","status":"publish","type":"page","link":"https:\/\/grisbi-marseille.com\/index.php\/historique\/","title":{"rendered":"Historique"},"content":{"rendered":"\n[et_pb_section fb_built=\u00a0\u00bb1&Prime; admin_label=\u00a0\u00bbSection\u00a0\u00bb _builder_version=\u00a0\u00bb4.19.1&Prime; _module_preset=\u00a0\u00bbdefault\u00a0\u00bb background_color=\u00a0\u00bbRGBA(255,255,255,0)\u00a0\u00bb custom_padding=\u00a0\u00bb0px||0px||false|false\u00a0\u00bb animation_direction=\u00a0\u00bbtop\u00a0\u00bb da_disable_devices=\u00a0\u00bboff|off|off\u00a0\u00bb border_width_bottom=\u00a0\u00bb3px\u00a0\u00bb border_color_bottom=\u00a0\u00bb#FFFFFF\u00a0\u00bb global_colors_info=\u00a0\u00bb{}\u00a0\u00bb da_is_popup=\u00a0\u00bboff\u00a0\u00bb da_exit_intent=\u00a0\u00bboff\u00a0\u00bb da_has_close=\u00a0\u00bbon\u00a0\u00bb da_alt_close=\u00a0\u00bboff\u00a0\u00bb da_dark_close=\u00a0\u00bboff\u00a0\u00bb da_not_modal=\u00a0\u00bbon\u00a0\u00bb da_is_singular=\u00a0\u00bboff\u00a0\u00bb da_with_loader=\u00a0\u00bboff\u00a0\u00bb da_has_shadow=\u00a0\u00bbon\u00a0\u00bb][et_pb_row _builder_version=\u00a0\u00bb4.19.1&Prime; _module_preset=\u00a0\u00bbdefault\u00a0\u00bb background_color=\u00a0\u00bbrgba(0,0,0,0.63)\u00a0\u00bb width=\u00a0\u00bb100%\u00a0\u00bb max_width=\u00a0\u00bb2436px\u00a0\u00bb custom_margin=\u00a0\u00bb||0px||false|false\u00a0\u00bb custom_padding=\u00a0\u00bb2px||0px||false|false\u00a0\u00bb custom_css_main_element=\u00a0\u00bbdisplay : flex\u00a0\u00bb border_color_bottom=\u00a0\u00bb#FFFFFF\u00a0\u00bb global_colors_info=\u00a0\u00bb{}\u00a0\u00bb][et_pb_column type=\u00a0\u00bb4_4&Prime; _builder_version=\u00a0\u00bb4.19.1&Prime; _module_preset=\u00a0\u00bbdefault\u00a0\u00bb global_colors_info=\u00a0\u00bb{}\u00a0\u00bb][et_pb_menu active_link_color=\u00a0\u00bb#FFFFFF\u00a0\u00bb dropdown_menu_bg_color=\u00a0\u00bb#000000&Prime; dropdown_menu_line_color=\u00a0\u00bb#FFFFFF\u00a0\u00bb dropdown_menu_text_color=\u00a0\u00bb#FFFFFF\u00a0\u00bb dropdown_menu_active_link_color=\u00a0\u00bb#FFFFFF\u00a0\u00bb mobile_menu_bg_color=\u00a0\u00bb#000000&Prime; mobile_menu_text_color=\u00a0\u00bb#FFFFFF\u00a0\u00bb logo=\u00a0\u00bbhttps:\/\/grisbi-marseille.com\/wp-content\/uploads\/2023\/03\/test.png\u00a0\u00bb logo_url=\u00a0\u00bbhttps:\/\/grisbi-marseille.com\/\u00a0\u00bb logo_max_width=\u00a0\u00bb13%\u00a0\u00bb logo_max_height=\u00a0\u00bb159px\u00a0\u00bb menu_icon_color=\u00a0\u00bb#FFFFFF\u00a0\u00bb logo_max_width_tablet=\u00a0\u00bb13%\u00a0\u00bb logo_max_width_phone=\u00a0\u00bb44%\u00a0\u00bb logo_max_width_last_edited=\u00a0\u00bbon|phone\u00a0\u00bb logo_max_height_tablet=\u00a0\u00bb159px\u00a0\u00bb logo_max_height_phone=\u00a0\u00bb128px\u00a0\u00bb logo_max_height_last_edited=\u00a0\u00bbon|desktop\u00a0\u00bb _builder_version=\u00a0\u00bb4.19.1&Prime; _module_preset=\u00a0\u00bbdefault\u00a0\u00bb menu_font=\u00a0\u00bbAbel|700|||||||\u00a0\u00bb menu_text_color=\u00a0\u00bb#FFFFFF\u00a0\u00bb menu_font_size=\u00a0\u00bb24px\u00a0\u00bb menu_line_height=\u00a0\u00bb1.1em\u00a0\u00bb background_enable_color=\u00a0\u00bboff\u00a0\u00bb text_orientation=\u00a0\u00bbright\u00a0\u00bb module_alignment=\u00a0\u00bbright\u00a0\u00bb custom_margin=\u00a0\u00bb||-35px||false|false\u00a0\u00bb custom_margin_phone=\u00a0\u00bb6px||||false|false\u00a0\u00bb custom_margin_last_edited=\u00a0\u00bboff|desktop\u00a0\u00bb custom_padding=\u00a0\u00bb|65px||31px|false|false\u00a0\u00bb custom_padding_tablet=\u00a0\u00bb|65px||31px|false|false\u00a0\u00bb custom_padding_phone=\u00a0\u00bb|31px|||false|false\u00a0\u00bb custom_padding_last_edited=\u00a0\u00bbon|desktop\u00a0\u00bb animation_style=\u00a0\u00bbslide\u00a0\u00bb animation_direction=\u00a0\u00bbtop\u00a0\u00bb global_colors_info=\u00a0\u00bb{}\u00a0\u00bb][\/et_pb_menu][\/et_pb_column][\/et_pb_row][\/et_pb_section][et_pb_section fb_built=\u00a0\u00bb1&Prime; custom_padding_last_edited=\u00a0\u00bbon|phone\u00a0\u00bb _builder_version=\u00a0\u00bb4.19.1&Prime; _module_preset=\u00a0\u00bbdefault\u00a0\u00bb background_color=\u00a0\u00bbRGBA(255,255,255,0)\u00a0\u00bb background_enable_image=\u00a0\u00bboff\u00a0\u00bb parallax=\u00a0\u00bbon\u00a0\u00bb custom_padding=\u00a0\u00bb27px||0px||false|false\u00a0\u00bb custom_padding_tablet=\u00a0\u00bb113px||113px||false|false\u00a0\u00bb custom_padding_phone=\u00a0\u00bb53px||53px||false|false\u00a0\u00bb da_disable_devices=\u00a0\u00bboff|off|off\u00a0\u00bb global_colors_info=\u00a0\u00bb{}\u00a0\u00bb da_is_popup=\u00a0\u00bboff\u00a0\u00bb da_exit_intent=\u00a0\u00bboff\u00a0\u00bb da_has_close=\u00a0\u00bbon\u00a0\u00bb da_alt_close=\u00a0\u00bboff\u00a0\u00bb da_dark_close=\u00a0\u00bboff\u00a0\u00bb da_not_modal=\u00a0\u00bbon\u00a0\u00bb da_is_singular=\u00a0\u00bboff\u00a0\u00bb da_with_loader=\u00a0\u00bboff\u00a0\u00bb da_has_shadow=\u00a0\u00bbon\u00a0\u00bb][et_pb_row _builder_version=\u00a0\u00bb4.19.1&Prime; _module_preset=\u00a0\u00bbdefault\u00a0\u00bb background_color=\u00a0\u00bbrgba(0,0,0,0.52)\u00a0\u00bb width=\u00a0\u00bb98%\u00a0\u00bb custom_margin=\u00a0\u00bb48px||28px||false|false\u00a0\u00bb animation_style=\u00a0\u00bbslide\u00a0\u00bb hover_enabled=\u00a0\u00bb0&Prime; border_width_all=\u00a0\u00bb3px\u00a0\u00bb border_color_all=\u00a0\u00bb#FFFFFF\u00a0\u00bb global_colors_info=\u00a0\u00bb{}\u00a0\u00bb sticky_enabled=\u00a0\u00bb0&Prime;][et_pb_column type=\u00a0\u00bb4_4&Prime; _builder_version=\u00a0\u00bb4.19.1&Prime; _module_preset=\u00a0\u00bbdefault\u00a0\u00bb global_colors_info=\u00a0\u00bb{}\u00a0\u00bb][et_pb_text _builder_version=\u00a0\u00bb4.19.1&Prime; _module_preset=\u00a0\u00bbdefault\u00a0\u00bb header_font=\u00a0\u00bbAbel|||on|||||\u00a0\u00bb header_text_align=\u00a0\u00bbcenter\u00a0\u00bb header_text_color=\u00a0\u00bb#FFFFFF\u00a0\u00bb header_font_size=\u00a0\u00bb39px\u00a0\u00bb header_line_height=\u00a0\u00bb1.5em\u00a0\u00bb header_2_font=\u00a0\u00bbAbel|700||on|||||\u00a0\u00bb header_2_text_align=\u00a0\u00bbcenter\u00a0\u00bb header_2_text_color=\u00a0\u00bb#FFFFFF\u00a0\u00bb header_2_font_size=\u00a0\u00bb39px\u00a0\u00bb header_2_line_height=\u00a0\u00bb1.4em\u00a0\u00bb custom_margin=\u00a0\u00bb||8px|||\u00a0\u00bb animation_style=\u00a0\u00bbfade\u00a0\u00bb header_text_shadow_style=\u00a0\u00bbpreset4&Prime; header_text_shadow_color=\u00a0\u00bb#000000&Prime; header_2_text_shadow_style=\u00a0\u00bbpreset4&Prime; header_2_text_shadow_color=\u00a0\u00bb#000000&Prime; global_colors_info=\u00a0\u00bb{}\u00a0\u00bb]<h1 style=\"text-align: center;\">Historique du Grisbi<\/h1>[\/et_pb_text][et_pb_image src=\u00a0\u00bbhttps:\/\/grisbi-marseille.com\/wp-content\/uploads\/2023\/04\/Historique-Grisbi-scaled.jpg\u00a0\u00bb title_text=\u00a0\u00bbHistorique Grisbi\u00a0\u00bb _builder_version=\u00a0\u00bb4.19.1&Prime; _module_preset=\u00a0\u00bbdefault\u00a0\u00bb width=\u00a0\u00bb74%\u00a0\u00bb width_tablet=\u00a0\u00bb74%\u00a0\u00bb width_phone=\u00a0\u00bb92%\u00a0\u00bb width_last_edited=\u00a0\u00bbon|phone\u00a0\u00bb module_alignment=\u00a0\u00bbcenter\u00a0\u00bb border_width_all=\u00a0\u00bb5px\u00a0\u00bb border_color_all=\u00a0\u00bb#FFFFFF\u00a0\u00bb global_colors_info=\u00a0\u00bb{}\u00a0\u00bb][\/et_pb_image][et_pb_text _builder_version=\u00a0\u00bb4.19.1&Prime; _module_preset=\u00a0\u00bbdefault\u00a0\u00bb text_font=\u00a0\u00bbAbel|600|||||||\u00a0\u00bb text_text_color=\u00a0\u00bb#FFFFFF\u00a0\u00bb text_font_size=\u00a0\u00bb23px\u00a0\u00bb text_line_height=\u00a0\u00bb1.3em\u00a0\u00bb text_orientation=\u00a0\u00bbcenter\u00a0\u00bb custom_padding=\u00a0\u00bb|20px|0px|20px|false|false\u00a0\u00bb text_text_shadow_style=\u00a0\u00bbpreset4&Prime; text_text_shadow_color=\u00a0\u00bb#000000&Prime; global_colors_info=\u00a0\u00bb{}\u00a0\u00bb]<p><span>Troquet historique et ouvrier de Marseille, le lieu tombe dans l&rsquo;oubli pendant quelques ann\u00e9es avant qu&rsquo;Alexandre ne le d\u00e9couvre et ne le reprenne. <\/span><\/p>\n<p><span>Depuis 2020, le lieu est en permanente \u00e9volution. Il s&rsquo;am\u00e9liore et s&#8217;embellit au rythme des saisons et des artistes qui passent par le lieu, y laissant bien souvent une trace. Le Grisbi est une aventure humaine faite de rencontres.<\/span><\/p>[\/et_pb_text][\/et_pb_column][\/et_pb_row][\/et_pb_section]\n","protected":false},"excerpt":{"rendered":"<p>Historique du GrisbiTroquet historique et ouvrier de Marseille, le lieu tombe dans l&rsquo;oubli pendant quelques ann\u00e9es avant qu&rsquo;Alexandre ne le d\u00e9couvre et ne le reprenne. Depuis 2020, le lieu est en permanente \u00e9volution. Il s&rsquo;am\u00e9liore et s&#8217;embellit au rythme des saisons et des artistes qui passent par le lieu, y laissant bien souvent une trace. Le Grisbi est une aventure humaine faite de rencontres.<\/p>\n","protected":false},"author":1,"featured_media":0,"parent":0,"menu_order":0,"comment_status":"closed","ping_status":"closed","template":"","meta":{"_et_pb_use_builder":"on","_et_pb_old_content":"","_et_gb_content_width":"","_monsterinsights_skip_tracking":false,"_monsterinsights_sitenote_active":false,"_monsterinsights_sitenote_note":"","_monsterinsights_sitenote_category":0,"footnotes":""},"class_list":["post-621","page","type-page","status-publish","hentry"],"yoast_head":"<!-- This site is optimized with the Yoast SEO plugin v26.8 - https:\/\/yoast.com\/product\/yoast-seo-wordpress\/ -->\n<title>Historique - Grisbi<\/title>\n<meta name=\"description\" content=\"Depuis 2020, le lieu est en permanente \u00e9volution. Il s\u2019embellit au rythme des saisons et des artistes qui passent par le lieu...\" \/>\n<meta name=\"robots\" content=\"index, follow, max-snippet:-1, max-image-preview:large, max-video-preview:-1\" \/>\n<link rel=\"canonical\" href=\"https:\/\/grisbi-marseille.com\/index.php\/historique\/\" \/>\n<meta property=\"og:locale\" content=\"fr_FR\" \/>\n<meta property=\"og:type\" content=\"article\" \/>\n<meta property=\"og:title\" content=\"Historique - Grisbi\" \/>\n<meta property=\"og:description\" content=\"Depuis 2020, le lieu est en permanente \u00e9volution. Il s\u2019embellit au rythme des saisons et des artistes qui passent par le lieu...\" \/>\n<meta property=\"og:url\" content=\"https:\/\/grisbi-marseille.com\/index.php\/historique\/\" \/>\n<meta property=\"og:site_name\" content=\"Grisbi\" \/>\n<meta property=\"article:publisher\" content=\"https:\/\/www.facebook.com\/grisbimarseille\/\" \/>\n<meta property=\"article:modified_time\" content=\"2023-05-03T12:11:55+00:00\" \/>\n<meta name=\"twitter:card\" content=\"summary_large_image\" \/>\n<meta name=\"twitter:label1\" content=\"Dur\u00e9e de lecture estim\u00e9e\" \/>\n\t<meta name=\"twitter:data1\" content=\"2 minutes\" \/>\n<script type=\"application\/ld+json\" class=\"yoast-schema-graph\">{\"@context\":\"https:\/\/schema.org\",\"@graph\":[{\"@type\":\"WebPage\",\"@id\":\"https:\/\/grisbi-marseille.com\/index.php\/historique\/\",\"url\":\"https:\/\/grisbi-marseille.com\/index.php\/historique\/\",\"name\":\"Historique - Grisbi\",\"isPartOf\":{\"@id\":\"https:\/\/grisbi-marseille.com\/#website\"},\"datePublished\":\"2023-04-29T14:58:52+00:00\",\"dateModified\":\"2023-05-03T12:11:55+00:00\",\"description\":\"Depuis 2020, le lieu est en permanente \u00e9volution. Il s\u2019embellit au rythme des saisons et des artistes qui passent par le lieu...\",\"breadcrumb\":{\"@id\":\"https:\/\/grisbi-marseille.com\/index.php\/historique\/#breadcrumb\"},\"inLanguage\":\"fr-FR\",\"potentialAction\":[{\"@type\":\"ReadAction\",\"target\":[\"https:\/\/grisbi-marseille.com\/index.php\/historique\/\"]}]},{\"@type\":\"BreadcrumbList\",\"@id\":\"https:\/\/grisbi-marseille.com\/index.php\/historique\/#breadcrumb\",\"itemListElement\":[{\"@type\":\"ListItem\",\"position\":1,\"name\":\"Accueil\",\"item\":\"https:\/\/grisbi-marseille.com\/\"},{\"@type\":\"ListItem\",\"position\":2,\"name\":\"Historique\"}]},{\"@type\":\"WebSite\",\"@id\":\"https:\/\/grisbi-marseille.com\/#website\",\"url\":\"https:\/\/grisbi-marseille.com\/\",\"name\":\"Grisbi\",\"description\":\"Restaurant Bar Galerie Marseille\",\"publisher\":{\"@id\":\"https:\/\/grisbi-marseille.com\/#organization\"},\"potentialAction\":[{\"@type\":\"SearchAction\",\"target\":{\"@type\":\"EntryPoint\",\"urlTemplate\":\"https:\/\/grisbi-marseille.com\/?s={search_term_string}\"},\"query-input\":{\"@type\":\"PropertyValueSpecification\",\"valueRequired\":true,\"valueName\":\"search_term_string\"}}],\"inLanguage\":\"fr-FR\"},{\"@type\":\"Organization\",\"@id\":\"https:\/\/grisbi-marseille.com\/#organization\",\"name\":\"Grisbi\",\"url\":\"https:\/\/grisbi-marseille.com\/\",\"logo\":{\"@type\":\"ImageObject\",\"inLanguage\":\"fr-FR\",\"@id\":\"https:\/\/grisbi-marseille.com\/#\/schema\/logo\/image\/\",\"url\":\"https:\/\/grisbi-marseille.com\/wp-content\/uploads\/2023\/03\/cropped-Grisbi-icone-Marseille.jpg\",\"contentUrl\":\"https:\/\/grisbi-marseille.com\/wp-content\/uploads\/2023\/03\/cropped-Grisbi-icone-Marseille.jpg\",\"width\":512,\"height\":512,\"caption\":\"Grisbi\"},\"image\":{\"@id\":\"https:\/\/grisbi-marseille.com\/#\/schema\/logo\/image\/\"},\"sameAs\":[\"https:\/\/www.facebook.com\/grisbimarseille\/\",\"https:\/\/www.instagram.com\/grisbi_marseille\/\"]}]}<\/script>\n<!-- \/ Yoast SEO plugin. -->","yoast_head_json":{"title":"Historique - Grisbi","description":"Depuis 2020, le lieu est en permanente \u00e9volution. Il s\u2019embellit au rythme des saisons et des artistes qui passent par le lieu...","robots":{"index":"index","follow":"follow","max-snippet":"max-snippet:-1","max-image-preview":"max-image-preview:large","max-video-preview":"max-video-preview:-1"},"canonical":"https:\/\/grisbi-marseille.com\/index.php\/historique\/","og_locale":"fr_FR","og_type":"article","og_title":"Historique - Grisbi","og_description":"Depuis 2020, le lieu est en permanente \u00e9volution. Il s\u2019embellit au rythme des saisons et des artistes qui passent par le lieu...","og_url":"https:\/\/grisbi-marseille.com\/index.php\/historique\/","og_site_name":"Grisbi","article_publisher":"https:\/\/www.facebook.com\/grisbimarseille\/","article_modified_time":"2023-05-03T12:11:55+00:00","twitter_card":"summary_large_image","twitter_misc":{"Dur\u00e9e de lecture estim\u00e9e":"2 minutes"},"schema":{"@context":"https:\/\/schema.org","@graph":[{"@type":"WebPage","@id":"https:\/\/grisbi-marseille.com\/index.php\/historique\/","url":"https:\/\/grisbi-marseille.com\/index.php\/historique\/","name":"Historique - Grisbi","isPartOf":{"@id":"https:\/\/grisbi-marseille.com\/#website"},"datePublished":"2023-04-29T14:58:52+00:00","dateModified":"2023-05-03T12:11:55+00:00","description":"Depuis 2020, le lieu est en permanente \u00e9volution. Il s\u2019embellit au rythme des saisons et des artistes qui passent par le lieu...","breadcrumb":{"@id":"https:\/\/grisbi-marseille.com\/index.php\/historique\/#breadcrumb"},"inLanguage":"fr-FR","potentialAction":[{"@type":"ReadAction","target":["https:\/\/grisbi-marseille.com\/index.php\/historique\/"]}]},{"@type":"BreadcrumbList","@id":"https:\/\/grisbi-marseille.com\/index.php\/historique\/#breadcrumb","itemListElement":[{"@type":"ListItem","position":1,"name":"Accueil","item":"https:\/\/grisbi-marseille.com\/"},{"@type":"ListItem","position":2,"name":"Historique"}]},{"@type":"WebSite","@id":"https:\/\/grisbi-marseille.com\/#website","url":"https:\/\/grisbi-marseille.com\/","name":"Grisbi","description":"Restaurant Bar Galerie Marseille","publisher":{"@id":"https:\/\/grisbi-marseille.com\/#organization"},"potentialAction":[{"@type":"SearchAction","target":{"@type":"EntryPoint","urlTemplate":"https:\/\/grisbi-marseille.com\/?s={search_term_string}"},"query-input":{"@type":"PropertyValueSpecification","valueRequired":true,"valueName":"search_term_string"}}],"inLanguage":"fr-FR"},{"@type":"Organization","@id":"https:\/\/grisbi-marseille.com\/#organization","name":"Grisbi","url":"https:\/\/grisbi-marseille.com\/","logo":{"@type":"ImageObject","inLanguage":"fr-FR","@id":"https:\/\/grisbi-marseille.com\/#\/schema\/logo\/image\/","url":"https:\/\/grisbi-marseille.com\/wp-content\/uploads\/2023\/03\/cropped-Grisbi-icone-Marseille.jpg","contentUrl":"https:\/\/grisbi-marseille.com\/wp-content\/uploads\/2023\/03\/cropped-Grisbi-icone-Marseille.jpg","width":512,"height":512,"caption":"Grisbi"},"image":{"@id":"https:\/\/grisbi-marseille.com\/#\/schema\/logo\/image\/"},"sameAs":["https:\/\/www.facebook.com\/grisbimarseille\/","https:\/\/www.instagram.com\/grisbi_marseille\/"]}]}},"_links":{"self":[{"href":"https:\/\/grisbi-marseille.com\/index.php\/wp-json\/wp\/v2\/pages\/621","targetHints":{"allow":["GET"]}}],"collection":[{"href":"https:\/\/grisbi-marseille.com\/index.php\/wp-json\/wp\/v2\/pages"}],"about":[{"href":"https:\/\/grisbi-marseille.com\/index.php\/wp-json\/wp\/v2\/types\/page"}],"author":[{"embeddable":true,"href":"https:\/\/grisbi-marseille.com\/index.php\/wp-json\/wp\/v2\/users\/1"}],"replies":[{"embeddable":true,"href":"https:\/\/grisbi-marseille.com\/index.php\/wp-json\/wp\/v2\/comments?post=621"}],"version-history":[{"count":4,"href":"https:\/\/grisbi-marseille.com\/index.php\/wp-json\/wp\/v2\/pages\/621\/revisions"}],"predecessor-version":[{"id":669,"href":"https:\/\/grisbi-marseille.com\/index.php\/wp-json\/wp\/v2\/pages\/621\/revisions\/669"}],"wp:attachment":[{"href":"https:\/\/grisbi-marseille.com\/index.php\/wp-json\/wp\/v2\/media?parent=621"}],"curies":[{"name":"wp","href":"https:\/\/api.w.org\/{rel}","templated":true}]}}